{"id":433,"date":"2018-04-18T18:53:32","date_gmt":"2018-04-18T16:53:32","guid":{"rendered":"https:\/\/www.lacasadibaba.it\/?page_id=433"},"modified":"2018-05-08T16:21:05","modified_gmt":"2018-05-08T14:21:05","slug":"zum-essen","status":"publish","type":"page","link":"https:\/\/www.lacasadibaba.it\/de\/bed-and-breakfast-casa-di-baba\/zum-essen\/","title":{"rendered":"Zum Essen"},"content":{"rendered":"<blockquote><p><strong>Baba schl\u00e4gt einen eno-gastronomische Gang inMasserano vor und steht f\u00fcr weitere Beratung in der Region zur Verf\u00fcgung<\/strong><\/p><\/blockquote>\n<p><strong>Agriturismo Baltera <\/strong><br \/>\nVia Ludovico Costa, 4 &#8211; 13866 Masserano (BI) &#8211; tel. 015 96843<br \/>\n<a href=\"https:\/\/www.tripadvisor.it\/Restaurant_Review-g4138407-d4087719-Reviews-Agriturismo_Baltera-Masserano_Province_of_Biella_Piedmont.html\" target=\"_blank\" rel=\"noopener\">https:\/\/www.tripadvisor.it\/Restaurant_Review-g4138407-d4087719-Reviews-Agriturismo_Baltera-Masserano_Province_of_Biella_Piedmont.html<\/a><br \/>\n<strong><br \/>\nRistorante Pizzeria da Piero<\/strong><br \/>\nVia IV Novembre, 1 &#8211; S.Giacomo Masserano (BI) \u2013 tel. 015 9871879<br \/>\n<a href=\"https:\/\/www.facebook.com\/Ristorante-Pizzeria-da-Piero-1854699058110521\/\" target=\"_blank\" rel=\"noopener\">https:\/\/www.facebook.com\/Ristorante-Pizzeria-da-Piero-1854699058110521\/<\/a><\/p>\n<p><strong>Locanda del Gallo Storto<\/strong><br \/>\nBorgo Inferiore, 4 &#8211; 13866 Masserano (BI) \u2013 tel. 015 96203<br \/>\n<a href=\"https:\/\/www.tripadvisor.it\/Restaurant_Review-g4138407-d4080729-Reviews-Locanda_Del_Gallo_Storto-Masserano_Province_of_Biella_Piedmont.html\" target=\"_blank\" rel=\"noopener\">https:\/\/www.tripadvisor.it\/Restaurant_Review-g4138407-d4080729-Reviews-Locanda_Del_Gallo_Storto-Masserano_Province_of_Biella_Piedmont.html<\/a><\/p>\n","protected":false},"excerpt":{"rendered":"<p>Baba schl\u00e4gt einen eno-gastronomische Gang inMasserano vor und steht f\u00fcr weitere Beratung in der Region zur Verf\u00fcgung Agriturismo Baltera Via Ludovico Costa, 4 &#8211; 13866 Masserano<span class=\"excerpt-hellip\"> [\u2026]<\/span><\/p>\n","protected":false},"author":1,"featured_media":0,"parent":411,"menu_order":12,"comment_status":"closed","ping_status":"closed","template":"","meta":{"footnotes":""},"class_list":["post-433","page","type-page","status-publish","hentry"],"yoast_head":"<!-- This site is optimized with the Yoast SEO plugin v27.5 - https:\/\/yoast.com\/product\/yoast-seo-wordpress\/ -->\r\n<title>Zum Essen - B&amp;B La Casa di Baba<\/title>\r\n<meta name=\"robots\" content=\"index, follow, max-snippet:-1, max-image-preview:large, max-video-preview:-1\" \/>\r\n<link rel=\"canonical\" href=\"https:\/\/www.lacasadibaba.it\/de\/bed-and-breakfast-casa-di-baba\/zum-essen\/\" \/>\r\n<meta property=\"og:locale\" content=\"de_DE\" \/>\r\n<meta property=\"og:type\" content=\"article\" \/>\r\n<meta property=\"og:title\" content=\"Zum Essen - B&amp;B La Casa di Baba\" \/>\r\n<meta property=\"og:description\" content=\"Baba schl\u00e4gt einen eno-gastronomische Gang inMasserano vor und steht f\u00fcr weitere Beratung in der Region zur Verf\u00fcgung Agriturismo Baltera Via Ludovico Costa, 4 &#8211; 13866 Masserano [\u2026]\" \/>\r\n<meta property=\"og:url\" content=\"https:\/\/www.lacasadibaba.it\/de\/bed-and-breakfast-casa-di-baba\/zum-essen\/\" \/>\r\n<meta property=\"og:site_name\" content=\"B&amp;B La Casa di Baba\" \/>\r\n<meta property=\"article:modified_time\" content=\"2018-05-08T14:21:05+00:00\" \/>\r\n<meta name=\"twitter:card\" content=\"summary_large_image\" \/>\r\n<script type=\"application\/ld+json\" class=\"yoast-schema-graph\">{\"@context\":\"https:\\\/\\\/schema.org\",\"@graph\":[{\"@type\":\"WebPage\",\"@id\":\"https:\\\/\\\/www.lacasadibaba.it\\\/de\\\/bed-and-breakfast-casa-di-baba\\\/zum-essen\\\/\",\"url\":\"https:\\\/\\\/www.lacasadibaba.it\\\/de\\\/bed-and-breakfast-casa-di-baba\\\/zum-essen\\\/\",\"name\":\"Zum Essen - B&amp;B La Casa di Baba\",\"isPartOf\":{\"@id\":\"https:\\\/\\\/www.lacasadibaba.it\\\/#website\"},\"datePublished\":\"2018-04-18T16:53:32+00:00\",\"dateModified\":\"2018-05-08T14:21:05+00:00\",\"breadcrumb\":{\"@id\":\"https:\\\/\\\/www.lacasadibaba.it\\\/de\\\/bed-and-breakfast-casa-di-baba\\\/zum-essen\\\/#breadcrumb\"},\"inLanguage\":\"de\",\"potentialAction\":[{\"@type\":\"ReadAction\",\"target\":[\"https:\\\/\\\/www.lacasadibaba.it\\\/de\\\/bed-and-breakfast-casa-di-baba\\\/zum-essen\\\/\"]}]},{\"@type\":\"BreadcrumbList\",\"@id\":\"https:\\\/\\\/www.lacasadibaba.it\\\/de\\\/bed-and-breakfast-casa-di-baba\\\/zum-essen\\\/#breadcrumb\",\"itemListElement\":[{\"@type\":\"ListItem\",\"position\":1,\"name\":\"Home\",\"item\":\"https:\\\/\\\/www.lacasadibaba.it\\\/de\\\/\"},{\"@type\":\"ListItem\",\"position\":2,\"name\":\"B&#038;B\",\"item\":\"https:\\\/\\\/www.lacasadibaba.it\\\/de\\\/bed-and-breakfast-casa-di-baba\\\/\"},{\"@type\":\"ListItem\",\"position\":3,\"name\":\"Zum Essen\"}]},{\"@type\":\"WebSite\",\"@id\":\"https:\\\/\\\/www.lacasadibaba.it\\\/#website\",\"url\":\"https:\\\/\\\/www.lacasadibaba.it\\\/\",\"name\":\"B&amp;B La Casa di Baba\",\"description\":\"Tennis, Relax and Wine\",\"potentialAction\":[{\"@type\":\"SearchAction\",\"target\":{\"@type\":\"EntryPoint\",\"urlTemplate\":\"https:\\\/\\\/www.lacasadibaba.it\\\/?s={search_term_string}\"},\"query-input\":{\"@type\":\"PropertyValueSpecification\",\"valueRequired\":true,\"valueName\":\"search_term_string\"}}],\"inLanguage\":\"de\"}]}<\/script>\r\n<!-- \/ Yoast SEO plugin. -->","yoast_head_json":{"title":"Zum Essen - B&amp;B La Casa di Baba","robots":{"index":"index","follow":"follow","max-snippet":"max-snippet:-1","max-image-preview":"max-image-preview:large","max-video-preview":"max-video-preview:-1"},"canonical":"https:\/\/www.lacasadibaba.it\/de\/bed-and-breakfast-casa-di-baba\/zum-essen\/","og_locale":"de_DE","og_type":"article","og_title":"Zum Essen - B&amp;B La Casa di Baba","og_description":"Baba schl\u00e4gt einen eno-gastronomische Gang inMasserano vor und steht f\u00fcr weitere Beratung in der Region zur Verf\u00fcgung Agriturismo Baltera Via Ludovico Costa, 4 &#8211; 13866 Masserano [\u2026]","og_url":"https:\/\/www.lacasadibaba.it\/de\/bed-and-breakfast-casa-di-baba\/zum-essen\/","og_site_name":"B&amp;B La Casa di Baba","article_modified_time":"2018-05-08T14:21:05+00:00","twitter_card":"summary_large_image","schema":{"@context":"https:\/\/schema.org","@graph":[{"@type":"WebPage","@id":"https:\/\/www.lacasadibaba.it\/de\/bed-and-breakfast-casa-di-baba\/zum-essen\/","url":"https:\/\/www.lacasadibaba.it\/de\/bed-and-breakfast-casa-di-baba\/zum-essen\/","name":"Zum Essen - B&amp;B La Casa di Baba","isPartOf":{"@id":"https:\/\/www.lacasadibaba.it\/#website"},"datePublished":"2018-04-18T16:53:32+00:00","dateModified":"2018-05-08T14:21:05+00:00","breadcrumb":{"@id":"https:\/\/www.lacasadibaba.it\/de\/bed-and-breakfast-casa-di-baba\/zum-essen\/#breadcrumb"},"inLanguage":"de","potentialAction":[{"@type":"ReadAction","target":["https:\/\/www.lacasadibaba.it\/de\/bed-and-breakfast-casa-di-baba\/zum-essen\/"]}]},{"@type":"BreadcrumbList","@id":"https:\/\/www.lacasadibaba.it\/de\/bed-and-breakfast-casa-di-baba\/zum-essen\/#breadcrumb","itemListElement":[{"@type":"ListItem","position":1,"name":"Home","item":"https:\/\/www.lacasadibaba.it\/de\/"},{"@type":"ListItem","position":2,"name":"B&#038;B","item":"https:\/\/www.lacasadibaba.it\/de\/bed-and-breakfast-casa-di-baba\/"},{"@type":"ListItem","position":3,"name":"Zum Essen"}]},{"@type":"WebSite","@id":"https:\/\/www.lacasadibaba.it\/#website","url":"https:\/\/www.lacasadibaba.it\/","name":"B&amp;B La Casa di Baba","description":"Tennis, Relax and Wine","potentialAction":[{"@type":"SearchAction","target":{"@type":"EntryPoint","urlTemplate":"https:\/\/www.lacasadibaba.it\/?s={search_term_string}"},"query-input":{"@type":"PropertyValueSpecification","valueRequired":true,"valueName":"search_term_string"}}],"inLanguage":"de"}]}},"_links":{"self":[{"href":"https:\/\/www.lacasadibaba.it\/de\/wp-json\/wp\/v2\/pages\/433","targetHints":{"allow":["GET"]}}],"collection":[{"href":"https:\/\/www.lacasadibaba.it\/de\/wp-json\/wp\/v2\/pages"}],"about":[{"href":"https:\/\/www.lacasadibaba.it\/de\/wp-json\/wp\/v2\/types\/page"}],"author":[{"embeddable":true,"href":"https:\/\/www.lacasadibaba.it\/de\/wp-json\/wp\/v2\/users\/1"}],"replies":[{"embeddable":true,"href":"https:\/\/www.lacasadibaba.it\/de\/wp-json\/wp\/v2\/comments?post=433"}],"version-history":[{"count":0,"href":"https:\/\/www.lacasadibaba.it\/de\/wp-json\/wp\/v2\/pages\/433\/revisions"}],"up":[{"embeddable":true,"href":"https:\/\/www.lacasadibaba.it\/de\/wp-json\/wp\/v2\/pages\/411"}],"wp:attachment":[{"href":"https:\/\/www.lacasadibaba.it\/de\/wp-json\/wp\/v2\/media?parent=433"}],"curies":[{"name":"wp","href":"https:\/\/api.w.org\/{rel}","templated":true}]}}